{"id":1832,"date":"2020-02-28T11:23:43","date_gmt":"2020-02-28T15:23:43","guid":{"rendered":"http:\/\/atahualpahabaspamba.gob.ec\/pichincha\/?page_id=1832"},"modified":"2021-10-28T14:32:11","modified_gmt":"2021-10-28T19:32:11","slug":"noticias","status":"publish","type":"page","link":"https:\/\/chitandenavarretes.gob.ec\/web\/noticias\/","title":{"rendered":"Noticias"},"content":{"rendered":"[vc_row][vc_column]<div id=\"ultimate-heading-28716a044a3faea28\" class=\"uvc-heading ult-adjust-bottom-margin ultimate-heading-28716a044a3faea28 uvc-2448 accent-border-color\" data-hspacer=\"line_only\"  data-halign=\"center\" style=\"text-align:center\"><div class=\"uvc-main-heading ult-responsive\"  data-ultimate-target='.uvc-heading.ultimate-heading-28716a044a3faea28 h2'  data-responsive-json-new='{\"font-size\":\"\",\"line-height\":\"\"}' ><h2 style=\"font-weight:normal;margin-bottom:15px;\">\u00daltimas Noticias<\/h2><\/div><div class=\"uvc-heading-spacer line_only\" style=\"margin-bottom:40px;height:4px;\"><span class=\"uvc-headings-line\" style=\"border-style:solid;border-bottom-width:4px;border-color:#ecc31b;width:100px;\"><\/span><\/div><\/div>[vc_basic_grid post_type=\u00bbpost\u00bb max_items=\u00bb9&#8243; item=\u00bbbasicGrid_ScaleInWithRotation\u00bb grid_id=\u00bbvc_gid:1635449033525-356479ffbcd3f7aa0c30a979174b6f9a-5&#8243; exclude=\u00bb2877, 3020, 3099, 3520, 3516, 3514, 3512, 3510, 3507, 3493, 3244, 3471, 3466, 3463, 3461, 3452, 3445, 3379, 3366, 3339, 3355, 3189, 3658, 3658, 3650, 3651, 3642, 3635, 3634, 3633, 3339, 3649, 3627, 3622, 3621, 3608, 3592, 3591, 3590, 3589, 3588, 3587, 3586, 3575, 3571, 3568, 3565, 3562, 3547, 3545, 3543, 3541, 3532, 3974, 3928, 3847, 3658, 3847, 3847, 3819, 3816, 3814&#8243;][\/vc_column][\/vc_row]\n","protected":false},"excerpt":{"rendered":"<p>[vc_row][vc_column][vc_basic_grid post_type=\u00bbpost\u00bb max_items=\u00bb9&#8243; item=\u00bbbasicGrid_ScaleInWithRotation\u00bb grid_id=\u00bbvc_gid:1635449033525-356479ffbcd3f7aa0c30a979174b6f9a-5&#8243; exclude=\u00bb2877, 3020, 3099, 3520, 3516, 3514, 3512, 3510, 3507, 3493, 3244, 3471, 3466, 3463, 3461, [&hellip;]<\/p>\n","protected":false},"author":6,"featured_media":0,"parent":0,"menu_order":0,"comment_status":"closed","ping_status":"closed","template":"","meta":{"site-sidebar-layout":"default","site-content-layout":"","ast-site-content-layout":"default","site-content-style":"default","site-sidebar-style":"default","ast-global-header-display":"","ast-banner-title-visibility":"","ast-main-header-display":"","ast-hfb-above-header-display":"","ast-hfb-below-header-display":"","ast-hfb-mobile-header-display":"","site-post-title":"","ast-breadcrumbs-content":"","ast-featured-img":"","footer-sml-layout":"","ast-disable-related-posts":"","theme-transparent-header-meta":"","adv-header-id-meta":"","stick-header-meta":"","header-above-stick-meta":"","header-main-stick-meta":"","header-below-stick-meta":"","astra-migrate-meta-layouts":"default","ast-page-background-enabled":"default","ast-page-background-meta":{"desktop":{"background-color":"var(--ast-global-color-4)","background-image":"","background-repeat":"repeat","background-position":"center center","background-size":"auto","background-attachment":"scroll","background-type":"","background-media":"","overlay-type":"","overlay-color":"","overlay-opacity":"","overlay-gradient":""},"tablet":{"background-color":"","background-image":"","background-repeat":"repeat","background-position":"center center","background-size":"auto","background-attachment":"scroll","background-type":"","background-media":"","overlay-type":"","overlay-color":"","overlay-opacity":"","overlay-gradient":""},"mobile":{"background-color":"","background-image":"","background-repeat":"repeat","background-position":"center center","background-size":"auto","background-attachment":"scroll","background-type":"","background-media":"","overlay-type":"","overlay-color":"","overlay-opacity":"","overlay-gradient":""}},"ast-content-background-meta":{"desktop":{"background-color":"var(--ast-global-color-5)","background-image":"","background-repeat":"repeat","background-position":"center center","background-size":"auto","background-attachment":"scroll","background-type":"","background-media":"","overlay-type":"","overlay-color":"","overlay-opacity":"","overlay-gradient":""},"tablet":{"background-color":"var(--ast-global-color-5)","background-image":"","background-repeat":"repeat","background-position":"center center","background-size":"auto","background-attachment":"scroll","background-type":"","background-media":"","overlay-type":"","overlay-color":"","overlay-opacity":"","overlay-gradient":""},"mobile":{"background-color":"var(--ast-global-color-5)","background-image":"","background-repeat":"repeat","background-position":"center center","background-size":"auto","background-attachment":"scroll","background-type":"","background-media":"","overlay-type":"","overlay-color":"","overlay-opacity":"","overlay-gradient":""}},"jetpack_post_was_ever_published":false,"footnotes":""},"class_list":["post-1832","page","type-page","status-publish","hentry"],"yoast_head":"<!-- This site is optimized with the Yoast SEO plugin v27.4 - https:\/\/yoast.com\/product\/yoast-seo-wordpress\/ -->\n<title>Noticias - GAD Parroquial Chit\u00e1n de Navarretes<\/title>\n<meta name=\"description\" content=\"Gobierno Aut\u00f3nomo Descentralizado Parroquial Rural de Chit\u00e1n de Navarretes\" \/>\n<meta name=\"robots\" content=\"index, follow, max-snippet:-1, max-image-preview:large, max-video-preview:-1\" \/>\n<link rel=\"canonical\" href=\"https:\/\/chitandenavarretes.gob.ec\/web\/noticias\/\" \/>\n<meta property=\"og:locale\" content=\"es_ES\" \/>\n<meta property=\"og:type\" content=\"article\" \/>\n<meta property=\"og:title\" content=\"Noticias - GAD Parroquial Chit\u00e1n de Navarretes\" \/>\n<meta property=\"og:description\" content=\"Gobierno Aut\u00f3nomo Descentralizado Parroquial Rural de Chit\u00e1n de Navarretes\" \/>\n<meta property=\"og:url\" content=\"https:\/\/chitandenavarretes.gob.ec\/web\/noticias\/\" \/>\n<meta property=\"og:site_name\" content=\"GAD Parroquial Chit\u00e1n de Navarretes\" \/>\n<meta property=\"article:publisher\" content=\"https:\/\/www.facebook.com\/Gadpr.chitanN\" \/>\n<meta property=\"article:modified_time\" content=\"2021-10-28T19:32:11+00:00\" \/>\n<meta name=\"twitter:card\" content=\"summary_large_image\" \/>\n<script type=\"application\/ld+json\" class=\"yoast-schema-graph\">{\"@context\":\"https:\\\/\\\/schema.org\",\"@graph\":[{\"@type\":\"WebPage\",\"@id\":\"https:\\\/\\\/chitandenavarretes.gob.ec\\\/web\\\/noticias\\\/\",\"url\":\"https:\\\/\\\/chitandenavarretes.gob.ec\\\/web\\\/noticias\\\/\",\"name\":\"Noticias - GAD Parroquial Chit\u00e1n de Navarretes\",\"isPartOf\":{\"@id\":\"https:\\\/\\\/chitandenavarretes.gob.ec\\\/web\\\/#website\"},\"datePublished\":\"2020-02-28T15:23:43+00:00\",\"dateModified\":\"2021-10-28T19:32:11+00:00\",\"description\":\"Gobierno Aut\u00f3nomo Descentralizado Parroquial Rural de Chit\u00e1n de Navarretes\",\"breadcrumb\":{\"@id\":\"https:\\\/\\\/chitandenavarretes.gob.ec\\\/web\\\/noticias\\\/#breadcrumb\"},\"inLanguage\":\"es\",\"potentialAction\":[{\"@type\":\"ReadAction\",\"target\":[\"https:\\\/\\\/chitandenavarretes.gob.ec\\\/web\\\/noticias\\\/\"]}]},{\"@type\":\"BreadcrumbList\",\"@id\":\"https:\\\/\\\/chitandenavarretes.gob.ec\\\/web\\\/noticias\\\/#breadcrumb\",\"itemListElement\":[{\"@type\":\"ListItem\",\"position\":1,\"name\":\"Home\",\"item\":\"https:\\\/\\\/chitandenavarretes.gob.ec\\\/web\\\/\"},{\"@type\":\"ListItem\",\"position\":2,\"name\":\"Noticias\"}]},{\"@type\":\"WebSite\",\"@id\":\"https:\\\/\\\/chitandenavarretes.gob.ec\\\/web\\\/#website\",\"url\":\"https:\\\/\\\/chitandenavarretes.gob.ec\\\/web\\\/\",\"name\":\"GAD Parroquial Chit\u00e1n de Navarretes\",\"description\":\"Sitio web oficial del GAD Parroquial Rural de Chit\u00e1n de Navarretes en la provincia de Carchi.\",\"publisher\":{\"@id\":\"https:\\\/\\\/chitandenavarretes.gob.ec\\\/web\\\/#organization\"},\"potentialAction\":[{\"@type\":\"SearchAction\",\"target\":{\"@type\":\"EntryPoint\",\"urlTemplate\":\"https:\\\/\\\/chitandenavarretes.gob.ec\\\/web\\\/?s={search_term_string}\"},\"query-input\":{\"@type\":\"PropertyValueSpecification\",\"valueRequired\":true,\"valueName\":\"search_term_string\"}}],\"inLanguage\":\"es\"},{\"@type\":\"Organization\",\"@id\":\"https:\\\/\\\/chitandenavarretes.gob.ec\\\/web\\\/#organization\",\"name\":\"Chit\u00e1n de Navarretes\",\"url\":\"https:\\\/\\\/chitandenavarretes.gob.ec\\\/web\\\/\",\"logo\":{\"@type\":\"ImageObject\",\"inLanguage\":\"es\",\"@id\":\"https:\\\/\\\/chitandenavarretes.gob.ec\\\/web\\\/#\\\/schema\\\/logo\\\/image\\\/\",\"url\":\"https:\\\/\\\/chitandenavarretes.gob.ec\\\/web\\\/wp-content\\\/uploads\\\/2024\\\/05\\\/logo-sin-fondo.png\",\"contentUrl\":\"https:\\\/\\\/chitandenavarretes.gob.ec\\\/web\\\/wp-content\\\/uploads\\\/2024\\\/05\\\/logo-sin-fondo.png\",\"width\":400,\"height\":300,\"caption\":\"Chit\u00e1n de Navarretes\"},\"image\":{\"@id\":\"https:\\\/\\\/chitandenavarretes.gob.ec\\\/web\\\/#\\\/schema\\\/logo\\\/image\\\/\"},\"sameAs\":[\"https:\\\/\\\/www.facebook.com\\\/Gadpr.chitanN\"]}]}<\/script>\n<!-- \/ Yoast SEO plugin. -->","yoast_head_json":{"title":"Noticias - GAD Parroquial Chit\u00e1n de Navarretes","description":"Gobierno Aut\u00f3nomo Descentralizado Parroquial Rural de Chit\u00e1n de Navarretes","robots":{"index":"index","follow":"follow","max-snippet":"max-snippet:-1","max-image-preview":"max-image-preview:large","max-video-preview":"max-video-preview:-1"},"canonical":"https:\/\/chitandenavarretes.gob.ec\/web\/noticias\/","og_locale":"es_ES","og_type":"article","og_title":"Noticias - GAD Parroquial Chit\u00e1n de Navarretes","og_description":"Gobierno Aut\u00f3nomo Descentralizado Parroquial Rural de Chit\u00e1n de Navarretes","og_url":"https:\/\/chitandenavarretes.gob.ec\/web\/noticias\/","og_site_name":"GAD Parroquial Chit\u00e1n de Navarretes","article_publisher":"https:\/\/www.facebook.com\/Gadpr.chitanN","article_modified_time":"2021-10-28T19:32:11+00:00","twitter_card":"summary_large_image","schema":{"@context":"https:\/\/schema.org","@graph":[{"@type":"WebPage","@id":"https:\/\/chitandenavarretes.gob.ec\/web\/noticias\/","url":"https:\/\/chitandenavarretes.gob.ec\/web\/noticias\/","name":"Noticias - GAD Parroquial Chit\u00e1n de Navarretes","isPartOf":{"@id":"https:\/\/chitandenavarretes.gob.ec\/web\/#website"},"datePublished":"2020-02-28T15:23:43+00:00","dateModified":"2021-10-28T19:32:11+00:00","description":"Gobierno Aut\u00f3nomo Descentralizado Parroquial Rural de Chit\u00e1n de Navarretes","breadcrumb":{"@id":"https:\/\/chitandenavarretes.gob.ec\/web\/noticias\/#breadcrumb"},"inLanguage":"es","potentialAction":[{"@type":"ReadAction","target":["https:\/\/chitandenavarretes.gob.ec\/web\/noticias\/"]}]},{"@type":"BreadcrumbList","@id":"https:\/\/chitandenavarretes.gob.ec\/web\/noticias\/#breadcrumb","itemListElement":[{"@type":"ListItem","position":1,"name":"Home","item":"https:\/\/chitandenavarretes.gob.ec\/web\/"},{"@type":"ListItem","position":2,"name":"Noticias"}]},{"@type":"WebSite","@id":"https:\/\/chitandenavarretes.gob.ec\/web\/#website","url":"https:\/\/chitandenavarretes.gob.ec\/web\/","name":"GAD Parroquial Chit\u00e1n de Navarretes","description":"Sitio web oficial del GAD Parroquial Rural de Chit\u00e1n de Navarretes en la provincia de Carchi.","publisher":{"@id":"https:\/\/chitandenavarretes.gob.ec\/web\/#organization"},"potentialAction":[{"@type":"SearchAction","target":{"@type":"EntryPoint","urlTemplate":"https:\/\/chitandenavarretes.gob.ec\/web\/?s={search_term_string}"},"query-input":{"@type":"PropertyValueSpecification","valueRequired":true,"valueName":"search_term_string"}}],"inLanguage":"es"},{"@type":"Organization","@id":"https:\/\/chitandenavarretes.gob.ec\/web\/#organization","name":"Chit\u00e1n de Navarretes","url":"https:\/\/chitandenavarretes.gob.ec\/web\/","logo":{"@type":"ImageObject","inLanguage":"es","@id":"https:\/\/chitandenavarretes.gob.ec\/web\/#\/schema\/logo\/image\/","url":"https:\/\/chitandenavarretes.gob.ec\/web\/wp-content\/uploads\/2024\/05\/logo-sin-fondo.png","contentUrl":"https:\/\/chitandenavarretes.gob.ec\/web\/wp-content\/uploads\/2024\/05\/logo-sin-fondo.png","width":400,"height":300,"caption":"Chit\u00e1n de Navarretes"},"image":{"@id":"https:\/\/chitandenavarretes.gob.ec\/web\/#\/schema\/logo\/image\/"},"sameAs":["https:\/\/www.facebook.com\/Gadpr.chitanN"]}]}},"jetpack_shortlink":"https:\/\/wp.me\/Pcm8cc-ty","jetpack_sharing_enabled":true,"jetpack_likes_enabled":true,"_links":{"self":[{"href":"https:\/\/chitandenavarretes.gob.ec\/web\/wp-json\/wp\/v2\/pages\/1832","targetHints":{"allow":["GET"]}}],"collection":[{"href":"https:\/\/chitandenavarretes.gob.ec\/web\/wp-json\/wp\/v2\/pages"}],"about":[{"href":"https:\/\/chitandenavarretes.gob.ec\/web\/wp-json\/wp\/v2\/types\/page"}],"author":[{"embeddable":true,"href":"https:\/\/chitandenavarretes.gob.ec\/web\/wp-json\/wp\/v2\/users\/6"}],"replies":[{"embeddable":true,"href":"https:\/\/chitandenavarretes.gob.ec\/web\/wp-json\/wp\/v2\/comments?post=1832"}],"version-history":[{"count":23,"href":"https:\/\/chitandenavarretes.gob.ec\/web\/wp-json\/wp\/v2\/pages\/1832\/revisions"}],"predecessor-version":[{"id":4162,"href":"https:\/\/chitandenavarretes.gob.ec\/web\/wp-json\/wp\/v2\/pages\/1832\/revisions\/4162"}],"wp:attachment":[{"href":"https:\/\/chitandenavarretes.gob.ec\/web\/wp-json\/wp\/v2\/media?parent=1832"}],"curies":[{"name":"wp","href":"https:\/\/api.w.org\/{rel}","templated":true}]}}