{"id":4790,"date":"2023-04-05T09:18:16","date_gmt":"2023-04-05T14:18:16","guid":{"rendered":"https:\/\/gadeltablon.gob.ec\/loja\/?page_id=4790"},"modified":"2024-05-24T10:50:45","modified_gmt":"2024-05-24T15:50:45","slug":"patrimonio-cultural-y-natural","status":"publish","type":"page","link":"https:\/\/chitandenavarretes.gob.ec\/web\/patrimonio-cultural-y-natural\/","title":{"rendered":"Patrimonio Cultural y Natural"},"content":{"rendered":"<p>Dentro de las parroquias, tambi\u00e9n se destaca el arte y la cultura.<\/p>\n<p><strong>R\u00c9PLICA DE FIGURAS PRECOLOMBINAS EN ARCILLA<\/strong><br \/>\n<strong>MANIFESTACIONES CULTURALES<\/strong><\/p>\n<p><strong>UBICACI\u00d3N<\/strong><\/p>\n<p>PROVINCIA: CARCHI<\/p>\n<p>CANT\u00d3N: MONT\u00daFAR<\/p>\n<p>PARROQUIA: CHIT\u00c1N DE NAVARRETES<\/p>\n<p>CALLE: 5 DE JUNIO.<\/p>\n<p>NOMBRE DEL POBLADO: CRISTOBAL COL\u00d3N DISTANCIA (km):4.55<\/p>\n<p>NOMBRE DEL POBLADO: SAN GABRIEL DISTANCIA (KM): 6.74<\/p>\n<p>&nbsp;<\/p>\n<p style=\"text-align: left;\"><strong>PROCESO DE ELABORACI\u00d3N<\/strong><\/p>\n<p>Se localiza la mina de donde se obtendr\u00e1 la arcilla, se la transporta y se deja secar al aire libre. Una vez seca se tamiza para sacar las piedras y cascajo que pueden quedar. Obtenida la materia prima se mezcla con agua, se hacen porciones, se procede a moldear y dar forma. Con el producto en crudo se procede a pulir con piedra, se deja secar bajo sombra por tres d\u00edas. Con la pieza lista se procede a hornearla durante dos horas. Dejan enfriar y se procede a decorar y pintar. Finalmente la pieza se laca y se obtiene el producto terminado.<strong>\u00a0<\/strong><\/p>\n<p><img loading=\"lazy\" decoding=\"async\" class=\"wp-image-156 alignleft\" src=\"https:\/\/chitandenavarretes.gob.ec\/carchi\/wp-content\/uploads\/2011\/10\/artesania3.jpg\" sizes=\"auto, (max-width: 600px) 100vw, 600px\" srcset=\"https:\/\/chitandenavarretes.gob.ec\/carchi\/wp-content\/uploads\/2011\/10\/artesania3.jpg 944w, https:\/\/chitandenavarretes.gob.ec\/carchi\/wp-content\/uploads\/2011\/10\/artesania3-300x178.jpg 300w\" alt=\"artesania3\" width=\"437\" height=\"261\" \/><\/p>\n<p><img loading=\"lazy\" decoding=\"async\" class=\"wp-image-158 alignnone\" src=\"https:\/\/chitandenavarretes.gob.ec\/carchi\/wp-content\/uploads\/2011\/10\/artesania5.jpg\" sizes=\"auto, (max-width: 600px) 100vw, 600px\" srcset=\"https:\/\/chitandenavarretes.gob.ec\/carchi\/wp-content\/uploads\/2011\/10\/artesania5.jpg 696w, https:\/\/chitandenavarretes.gob.ec\/carchi\/wp-content\/uploads\/2011\/10\/artesania5-300x173.jpg 300w\" alt=\"artesania5\" width=\"451\" height=\"261\" \/><\/p>\n<p>&nbsp;<\/p>\n<p style=\"text-align: left;\"><strong>IGLESIA DE LA PARROQUIA<\/strong><\/p>\n<p style=\"text-align: left;\"><strong>INFRAESTRUCTURA<\/strong><\/p>\n<p>Es una parroquia que mantiene su arquitectura tradicional, aunque se evidencian algunas edificaciones con influencia moderna. Fue objeto de remodelaci\u00f3n de estilo basilical, caracterizada por un eje longitudinal que se extiende desde el centro de la portada principal hasta el fondo del altar; y la centralizada, de planta circular o poligonal, organizada en torno a un espacio 57\u00a0central, que suele estar cubierto por una c\u00fapula. Los materiales utilizados para su remodelaci\u00f3n son: ladrillo, piedra, cemento, cal, arena, cer\u00e1mica, eternit, madera y hierro. En la parte superior se venera la imagen de la Virgen del Carmen la patrona de la Parroquia de Chitan de Navarretes.<\/p>\n<p><img loading=\"lazy\" decoding=\"async\" class=\"wp-image-159 alignnone\" src=\"https:\/\/chitandenavarretes.gob.ec\/carchi\/wp-content\/uploads\/2011\/10\/iglesia.jpg\" sizes=\"auto, (max-width: 600px) 100vw, 600px\" srcset=\"https:\/\/chitandenavarretes.gob.ec\/carchi\/wp-content\/uploads\/2011\/10\/iglesia.jpg 948w, https:\/\/chitandenavarretes.gob.ec\/carchi\/wp-content\/uploads\/2011\/10\/iglesia-300x178.jpg 300w\" alt=\"iglesia\" width=\"501\" height=\"297\" \/><\/p>\n<p style=\"text-align: left;\" align=\"center\"><strong>TRANSPORTE LECHERO<\/strong><\/p>\n<p>En la parroquia se mantiene el sistema de la carreta para transportar la leche que sus peque\u00f1os productores sacan desde sus propiedades hasta el lugar de destino o de entrega.<\/p>\n<p><img loading=\"lazy\" decoding=\"async\" class=\"wp-image-160 alignnone\" src=\"https:\/\/chitandenavarretes.gob.ec\/carchi\/wp-content\/uploads\/2011\/10\/Transporte-Lechero.jpg\" sizes=\"auto, (max-width: 600px) 100vw, 600px\" srcset=\"https:\/\/chitandenavarretes.gob.ec\/carchi\/wp-content\/uploads\/2011\/10\/Transporte-Lechero.jpg 758w, https:\/\/chitandenavarretes.gob.ec\/carchi\/wp-content\/uploads\/2011\/10\/Transporte-Lechero-300x175.jpg 300w\" alt=\"Transporte-Lechero\" width=\"500\" height=\"292\" \/><\/p>\n<p>&nbsp;<\/p>\n<p style=\"text-align: left;\"><strong>FORTALECIMIENTO A\u00a0 MUJERES EMPRENDEDORAS<\/strong><\/p>\n<p><strong>CURSO DE PANADERIA<\/strong><\/p>\n<p><img loading=\"lazy\" decoding=\"async\" class=\"alignnone wp-image-174\" src=\"https:\/\/chitandenavarretes.gob.ec\/carchi\/wp-content\/uploads\/2011\/10\/Imagen0214_363x272.jpg\" sizes=\"auto, (max-width: 363px) 100vw, 363px\" srcset=\"https:\/\/chitandenavarretes.gob.ec\/carchi\/wp-content\/uploads\/2011\/10\/Imagen0214_363x272.jpg 363w, https:\/\/chitandenavarretes.gob.ec\/carchi\/wp-content\/uploads\/2011\/10\/Imagen0214_363x272-300x224.jpg 300w\" alt=\"Imagen0214 363x272\" width=\"500\" height=\"175\" \/><\/p>\n<p>&nbsp;<\/p>\n<p><strong>VARIEDADES<\/strong><\/p>\n<p><img loading=\"lazy\" decoding=\"async\" class=\"size-full wp-image-175 alignleft\" src=\"https:\/\/chitandenavarretes.gob.ec\/carchi\/wp-content\/uploads\/2011\/10\/DSC00385_363x272.jpg\" sizes=\"auto, (max-width: 363px) 100vw, 363px\" srcset=\"https:\/\/chitandenavarretes.gob.ec\/carchi\/wp-content\/uploads\/2011\/10\/DSC00385_363x272.jpg 363w, https:\/\/chitandenavarretes.gob.ec\/carchi\/wp-content\/uploads\/2011\/10\/DSC00385_363x272-300x224.jpg 300w\" alt=\"DSC00385 363x272\" width=\"363\" height=\"272\" \/><img loading=\"lazy\" decoding=\"async\" class=\"size-full wp-image-176 alignleft\" src=\"https:\/\/chitandenavarretes.gob.ec\/carchi\/wp-content\/uploads\/2011\/10\/DSC00387_363x272.jpg\" sizes=\"auto, (max-width: 363px) 100vw, 363px\" srcset=\"https:\/\/chitandenavarretes.gob.ec\/carchi\/wp-content\/uploads\/2011\/10\/DSC00387_363x272.jpg 363w, https:\/\/chitandenavarretes.gob.ec\/carchi\/wp-content\/uploads\/2011\/10\/DSC00387_363x272-300x224.jpg 300w\" alt=\"DSC00387 363x272\" width=\"363\" height=\"272\" \/><img loading=\"lazy\" decoding=\"async\" class=\"size-full wp-image-177 alignleft\" src=\"https:\/\/chitandenavarretes.gob.ec\/carchi\/wp-content\/uploads\/2011\/10\/DSC00388_363x272.jpg\" sizes=\"auto, (max-width: 363px) 100vw, 363px\" srcset=\"https:\/\/chitandenavarretes.gob.ec\/carchi\/wp-content\/uploads\/2011\/10\/DSC00388_363x272.jpg 363w, https:\/\/chitandenavarretes.gob.ec\/carchi\/wp-content\/uploads\/2011\/10\/DSC00388_363x272-300x224.jpg 300w\" alt=\"DSC00388 363x272\" width=\"363\" height=\"272\" \/><\/p>\n<p>&nbsp;<\/p>\n<p><img loading=\"lazy\" decoding=\"async\" class=\"size-full wp-image-178 alignleft\" src=\"https:\/\/chitandenavarretes.gob.ec\/carchi\/wp-content\/uploads\/2011\/10\/DSC00390_363x272.jpg\" sizes=\"auto, (max-width: 363px) 100vw, 363px\" srcset=\"https:\/\/chitandenavarretes.gob.ec\/carchi\/wp-content\/uploads\/2011\/10\/DSC00390_363x272.jpg 363w, https:\/\/chitandenavarretes.gob.ec\/carchi\/wp-content\/uploads\/2011\/10\/DSC00390_363x272-300x224.jpg 300w\" alt=\"DSC00390 363x272\" width=\"363\" height=\"272\" \/>\u00a0<img loading=\"lazy\" decoding=\"async\" class=\"size-full wp-image-179 alignleft\" src=\"https:\/\/chitandenavarretes.gob.ec\/carchi\/wp-content\/uploads\/2011\/10\/DSC00384_363x272.jpg\" sizes=\"auto, (max-width: 363px) 100vw, 363px\" srcset=\"https:\/\/chitandenavarretes.gob.ec\/carchi\/wp-content\/uploads\/2011\/10\/DSC00384_363x272.jpg 363w, https:\/\/chitandenavarretes.gob.ec\/carchi\/wp-content\/uploads\/2011\/10\/DSC00384_363x272-300x224.jpg 300w\" alt=\"DSC00384 363x272\" width=\"363\" height=\"272\" \/><\/p>\n","protected":false},"excerpt":{"rendered":"<p>Dentro de las parroquias, tambi\u00e9n se destaca el arte y la cultura. R\u00c9PLICA DE FIGURAS PRECOLOMBINAS EN ARCILLA MANIFESTACIONES CULTURALES [&hellip;]<\/p>\n","protected":false},"author":6,"featured_media":0,"parent":0,"menu_order":0,"comment_status":"closed","ping_status":"closed","template":"","meta":{"site-sidebar-layout":"default","site-content-layout":"","ast-site-content-layout":"default","site-content-style":"default","site-sidebar-style":"default","ast-global-header-display":"","ast-banner-title-visibility":"","ast-main-header-display":"","ast-hfb-above-header-display":"","ast-hfb-below-header-display":"","ast-hfb-mobile-header-display":"","site-post-title":"","ast-breadcrumbs-content":"","ast-featured-img":"","footer-sml-layout":"","ast-disable-related-posts":"","theme-transparent-header-meta":"default","adv-header-id-meta":"","stick-header-meta":"","header-above-stick-meta":"","header-main-stick-meta":"","header-below-stick-meta":"","astra-migrate-meta-layouts":"set","ast-page-background-enabled":"default","ast-page-background-meta":{"desktop":{"background-color":"var(--ast-global-color-4)","background-image":"","background-repeat":"repeat","background-position":"center center","background-size":"auto","background-attachment":"scroll","background-type":"","background-media":"","overlay-type":"","overlay-color":"","overlay-opacity":"","overlay-gradient":""},"tablet":{"background-color":"","background-image":"","background-repeat":"repeat","background-position":"center center","background-size":"auto","background-attachment":"scroll","background-type":"","background-media":"","overlay-type":"","overlay-color":"","overlay-opacity":"","overlay-gradient":""},"mobile":{"background-color":"","background-image":"","background-repeat":"repeat","background-position":"center center","background-size":"auto","background-attachment":"scroll","background-type":"","background-media":"","overlay-type":"","overlay-color":"","overlay-opacity":"","overlay-gradient":""}},"ast-content-background-meta":{"desktop":{"background-color":"var(--ast-global-color-5)","background-image":"","background-repeat":"repeat","background-position":"center center","background-size":"auto","background-attachment":"scroll","background-type":"","background-media":"","overlay-type":"","overlay-color":"","overlay-opacity":"","overlay-gradient":""},"tablet":{"background-color":"var(--ast-global-color-5)","background-image":"","background-repeat":"repeat","background-position":"center center","background-size":"auto","background-attachment":"scroll","background-type":"","background-media":"","overlay-type":"","overlay-color":"","overlay-opacity":"","overlay-gradient":""},"mobile":{"background-color":"var(--ast-global-color-5)","background-image":"","background-repeat":"repeat","background-position":"center center","background-size":"auto","background-attachment":"scroll","background-type":"","background-media":"","overlay-type":"","overlay-color":"","overlay-opacity":"","overlay-gradient":""}},"jetpack_post_was_ever_published":false,"footnotes":""},"class_list":["post-4790","page","type-page","status-publish","hentry"],"yoast_head":"<!-- This site is optimized with the Yoast SEO plugin v27.4 - https:\/\/yoast.com\/product\/yoast-seo-wordpress\/ -->\n<title>Patrimonio Cultural y Natural - GAD Parroquial Chit\u00e1n de Navarretes<\/title>\n<meta name=\"description\" content=\"Gobierno Aut\u00f3nomo Descentralizado Parroquial Rural de Chit\u00e1n de Navarretes\" \/>\n<meta name=\"robots\" content=\"index, follow, max-snippet:-1, max-image-preview:large, max-video-preview:-1\" \/>\n<link rel=\"canonical\" href=\"https:\/\/chitandenavarretes.gob.ec\/web\/patrimonio-cultural-y-natural\/\" \/>\n<meta property=\"og:locale\" content=\"es_ES\" \/>\n<meta property=\"og:type\" content=\"article\" \/>\n<meta property=\"og:title\" content=\"Patrimonio Cultural y Natural - GAD Parroquial Chit\u00e1n de Navarretes\" \/>\n<meta property=\"og:description\" content=\"Gobierno Aut\u00f3nomo Descentralizado Parroquial Rural de Chit\u00e1n de Navarretes\" \/>\n<meta property=\"og:url\" content=\"https:\/\/chitandenavarretes.gob.ec\/web\/patrimonio-cultural-y-natural\/\" \/>\n<meta property=\"og:site_name\" content=\"GAD Parroquial Chit\u00e1n de Navarretes\" \/>\n<meta property=\"article:publisher\" content=\"https:\/\/www.facebook.com\/Gadpr.chitanN\" \/>\n<meta property=\"article:modified_time\" content=\"2024-05-24T15:50:45+00:00\" \/>\n<meta property=\"og:image\" content=\"https:\/\/chitandenavarretes.gob.ec\/carchi\/wp-content\/uploads\/2011\/10\/artesania3.jpg\" \/>\n<meta name=\"twitter:card\" content=\"summary_large_image\" \/>\n<meta name=\"twitter:label1\" content=\"Tiempo de lectura\" \/>\n\t<meta name=\"twitter:data1\" content=\"4 minutos\" \/>\n<script type=\"application\/ld+json\" class=\"yoast-schema-graph\">{\"@context\":\"https:\\\/\\\/schema.org\",\"@graph\":[{\"@type\":\"WebPage\",\"@id\":\"https:\\\/\\\/chitandenavarretes.gob.ec\\\/web\\\/patrimonio-cultural-y-natural\\\/\",\"url\":\"https:\\\/\\\/chitandenavarretes.gob.ec\\\/web\\\/patrimonio-cultural-y-natural\\\/\",\"name\":\"Patrimonio Cultural y Natural - GAD Parroquial Chit\u00e1n de Navarretes\",\"isPartOf\":{\"@id\":\"https:\\\/\\\/chitandenavarretes.gob.ec\\\/web\\\/#website\"},\"primaryImageOfPage\":{\"@id\":\"https:\\\/\\\/chitandenavarretes.gob.ec\\\/web\\\/patrimonio-cultural-y-natural\\\/#primaryimage\"},\"image\":{\"@id\":\"https:\\\/\\\/chitandenavarretes.gob.ec\\\/web\\\/patrimonio-cultural-y-natural\\\/#primaryimage\"},\"thumbnailUrl\":\"https:\\\/\\\/chitandenavarretes.gob.ec\\\/carchi\\\/wp-content\\\/uploads\\\/2011\\\/10\\\/artesania3.jpg\",\"datePublished\":\"2023-04-05T14:18:16+00:00\",\"dateModified\":\"2024-05-24T15:50:45+00:00\",\"description\":\"Gobierno Aut\u00f3nomo Descentralizado Parroquial Rural de Chit\u00e1n de Navarretes\",\"breadcrumb\":{\"@id\":\"https:\\\/\\\/chitandenavarretes.gob.ec\\\/web\\\/patrimonio-cultural-y-natural\\\/#breadcrumb\"},\"inLanguage\":\"es\",\"potentialAction\":[{\"@type\":\"ReadAction\",\"target\":[\"https:\\\/\\\/chitandenavarretes.gob.ec\\\/web\\\/patrimonio-cultural-y-natural\\\/\"]}]},{\"@type\":\"ImageObject\",\"inLanguage\":\"es\",\"@id\":\"https:\\\/\\\/chitandenavarretes.gob.ec\\\/web\\\/patrimonio-cultural-y-natural\\\/#primaryimage\",\"url\":\"https:\\\/\\\/chitandenavarretes.gob.ec\\\/carchi\\\/wp-content\\\/uploads\\\/2011\\\/10\\\/artesania3.jpg\",\"contentUrl\":\"https:\\\/\\\/chitandenavarretes.gob.ec\\\/carchi\\\/wp-content\\\/uploads\\\/2011\\\/10\\\/artesania3.jpg\"},{\"@type\":\"BreadcrumbList\",\"@id\":\"https:\\\/\\\/chitandenavarretes.gob.ec\\\/web\\\/patrimonio-cultural-y-natural\\\/#breadcrumb\",\"itemListElement\":[{\"@type\":\"ListItem\",\"position\":1,\"name\":\"Home\",\"item\":\"https:\\\/\\\/chitandenavarretes.gob.ec\\\/web\\\/\"},{\"@type\":\"ListItem\",\"position\":2,\"name\":\"Patrimonio Cultural y Natural\"}]},{\"@type\":\"WebSite\",\"@id\":\"https:\\\/\\\/chitandenavarretes.gob.ec\\\/web\\\/#website\",\"url\":\"https:\\\/\\\/chitandenavarretes.gob.ec\\\/web\\\/\",\"name\":\"GAD Parroquial Chit\u00e1n de Navarretes\",\"description\":\"Sitio web oficial del GAD Parroquial Rural de Chit\u00e1n de Navarretes en la provincia de Carchi.\",\"publisher\":{\"@id\":\"https:\\\/\\\/chitandenavarretes.gob.ec\\\/web\\\/#organization\"},\"potentialAction\":[{\"@type\":\"SearchAction\",\"target\":{\"@type\":\"EntryPoint\",\"urlTemplate\":\"https:\\\/\\\/chitandenavarretes.gob.ec\\\/web\\\/?s={search_term_string}\"},\"query-input\":{\"@type\":\"PropertyValueSpecification\",\"valueRequired\":true,\"valueName\":\"search_term_string\"}}],\"inLanguage\":\"es\"},{\"@type\":\"Organization\",\"@id\":\"https:\\\/\\\/chitandenavarretes.gob.ec\\\/web\\\/#organization\",\"name\":\"Chit\u00e1n de Navarretes\",\"url\":\"https:\\\/\\\/chitandenavarretes.gob.ec\\\/web\\\/\",\"logo\":{\"@type\":\"ImageObject\",\"inLanguage\":\"es\",\"@id\":\"https:\\\/\\\/chitandenavarretes.gob.ec\\\/web\\\/#\\\/schema\\\/logo\\\/image\\\/\",\"url\":\"https:\\\/\\\/chitandenavarretes.gob.ec\\\/web\\\/wp-content\\\/uploads\\\/2024\\\/05\\\/logo-sin-fondo.png\",\"contentUrl\":\"https:\\\/\\\/chitandenavarretes.gob.ec\\\/web\\\/wp-content\\\/uploads\\\/2024\\\/05\\\/logo-sin-fondo.png\",\"width\":400,\"height\":300,\"caption\":\"Chit\u00e1n de Navarretes\"},\"image\":{\"@id\":\"https:\\\/\\\/chitandenavarretes.gob.ec\\\/web\\\/#\\\/schema\\\/logo\\\/image\\\/\"},\"sameAs\":[\"https:\\\/\\\/www.facebook.com\\\/Gadpr.chitanN\"]}]}<\/script>\n<!-- \/ Yoast SEO plugin. -->","yoast_head_json":{"title":"Patrimonio Cultural y Natural - GAD Parroquial Chit\u00e1n de Navarretes","description":"Gobierno Aut\u00f3nomo Descentralizado Parroquial Rural de Chit\u00e1n de Navarretes","robots":{"index":"index","follow":"follow","max-snippet":"max-snippet:-1","max-image-preview":"max-image-preview:large","max-video-preview":"max-video-preview:-1"},"canonical":"https:\/\/chitandenavarretes.gob.ec\/web\/patrimonio-cultural-y-natural\/","og_locale":"es_ES","og_type":"article","og_title":"Patrimonio Cultural y Natural - GAD Parroquial Chit\u00e1n de Navarretes","og_description":"Gobierno Aut\u00f3nomo Descentralizado Parroquial Rural de Chit\u00e1n de Navarretes","og_url":"https:\/\/chitandenavarretes.gob.ec\/web\/patrimonio-cultural-y-natural\/","og_site_name":"GAD Parroquial Chit\u00e1n de Navarretes","article_publisher":"https:\/\/www.facebook.com\/Gadpr.chitanN","article_modified_time":"2024-05-24T15:50:45+00:00","og_image":[{"url":"https:\/\/chitandenavarretes.gob.ec\/carchi\/wp-content\/uploads\/2011\/10\/artesania3.jpg","type":"","width":"","height":""}],"twitter_card":"summary_large_image","twitter_misc":{"Tiempo de lectura":"4 minutos"},"schema":{"@context":"https:\/\/schema.org","@graph":[{"@type":"WebPage","@id":"https:\/\/chitandenavarretes.gob.ec\/web\/patrimonio-cultural-y-natural\/","url":"https:\/\/chitandenavarretes.gob.ec\/web\/patrimonio-cultural-y-natural\/","name":"Patrimonio Cultural y Natural - GAD Parroquial Chit\u00e1n de Navarretes","isPartOf":{"@id":"https:\/\/chitandenavarretes.gob.ec\/web\/#website"},"primaryImageOfPage":{"@id":"https:\/\/chitandenavarretes.gob.ec\/web\/patrimonio-cultural-y-natural\/#primaryimage"},"image":{"@id":"https:\/\/chitandenavarretes.gob.ec\/web\/patrimonio-cultural-y-natural\/#primaryimage"},"thumbnailUrl":"https:\/\/chitandenavarretes.gob.ec\/carchi\/wp-content\/uploads\/2011\/10\/artesania3.jpg","datePublished":"2023-04-05T14:18:16+00:00","dateModified":"2024-05-24T15:50:45+00:00","description":"Gobierno Aut\u00f3nomo Descentralizado Parroquial Rural de Chit\u00e1n de Navarretes","breadcrumb":{"@id":"https:\/\/chitandenavarretes.gob.ec\/web\/patrimonio-cultural-y-natural\/#breadcrumb"},"inLanguage":"es","potentialAction":[{"@type":"ReadAction","target":["https:\/\/chitandenavarretes.gob.ec\/web\/patrimonio-cultural-y-natural\/"]}]},{"@type":"ImageObject","inLanguage":"es","@id":"https:\/\/chitandenavarretes.gob.ec\/web\/patrimonio-cultural-y-natural\/#primaryimage","url":"https:\/\/chitandenavarretes.gob.ec\/carchi\/wp-content\/uploads\/2011\/10\/artesania3.jpg","contentUrl":"https:\/\/chitandenavarretes.gob.ec\/carchi\/wp-content\/uploads\/2011\/10\/artesania3.jpg"},{"@type":"BreadcrumbList","@id":"https:\/\/chitandenavarretes.gob.ec\/web\/patrimonio-cultural-y-natural\/#breadcrumb","itemListElement":[{"@type":"ListItem","position":1,"name":"Home","item":"https:\/\/chitandenavarretes.gob.ec\/web\/"},{"@type":"ListItem","position":2,"name":"Patrimonio Cultural y Natural"}]},{"@type":"WebSite","@id":"https:\/\/chitandenavarretes.gob.ec\/web\/#website","url":"https:\/\/chitandenavarretes.gob.ec\/web\/","name":"GAD Parroquial Chit\u00e1n de Navarretes","description":"Sitio web oficial del GAD Parroquial Rural de Chit\u00e1n de Navarretes en la provincia de Carchi.","publisher":{"@id":"https:\/\/chitandenavarretes.gob.ec\/web\/#organization"},"potentialAction":[{"@type":"SearchAction","target":{"@type":"EntryPoint","urlTemplate":"https:\/\/chitandenavarretes.gob.ec\/web\/?s={search_term_string}"},"query-input":{"@type":"PropertyValueSpecification","valueRequired":true,"valueName":"search_term_string"}}],"inLanguage":"es"},{"@type":"Organization","@id":"https:\/\/chitandenavarretes.gob.ec\/web\/#organization","name":"Chit\u00e1n de Navarretes","url":"https:\/\/chitandenavarretes.gob.ec\/web\/","logo":{"@type":"ImageObject","inLanguage":"es","@id":"https:\/\/chitandenavarretes.gob.ec\/web\/#\/schema\/logo\/image\/","url":"https:\/\/chitandenavarretes.gob.ec\/web\/wp-content\/uploads\/2024\/05\/logo-sin-fondo.png","contentUrl":"https:\/\/chitandenavarretes.gob.ec\/web\/wp-content\/uploads\/2024\/05\/logo-sin-fondo.png","width":400,"height":300,"caption":"Chit\u00e1n de Navarretes"},"image":{"@id":"https:\/\/chitandenavarretes.gob.ec\/web\/#\/schema\/logo\/image\/"},"sameAs":["https:\/\/www.facebook.com\/Gadpr.chitanN"]}]}},"jetpack_shortlink":"https:\/\/wp.me\/Pcm8cc-1fg","jetpack_sharing_enabled":true,"jetpack_likes_enabled":true,"_links":{"self":[{"href":"https:\/\/chitandenavarretes.gob.ec\/web\/wp-json\/wp\/v2\/pages\/4790","targetHints":{"allow":["GET"]}}],"collection":[{"href":"https:\/\/chitandenavarretes.gob.ec\/web\/wp-json\/wp\/v2\/pages"}],"about":[{"href":"https:\/\/chitandenavarretes.gob.ec\/web\/wp-json\/wp\/v2\/types\/page"}],"author":[{"embeddable":true,"href":"https:\/\/chitandenavarretes.gob.ec\/web\/wp-json\/wp\/v2\/users\/6"}],"replies":[{"embeddable":true,"href":"https:\/\/chitandenavarretes.gob.ec\/web\/wp-json\/wp\/v2\/comments?post=4790"}],"version-history":[{"count":8,"href":"https:\/\/chitandenavarretes.gob.ec\/web\/wp-json\/wp\/v2\/pages\/4790\/revisions"}],"predecessor-version":[{"id":5173,"href":"https:\/\/chitandenavarretes.gob.ec\/web\/wp-json\/wp\/v2\/pages\/4790\/revisions\/5173"}],"wp:attachment":[{"href":"https:\/\/chitandenavarretes.gob.ec\/web\/wp-json\/wp\/v2\/media?parent=4790"}],"curies":[{"name":"wp","href":"https:\/\/api.w.org\/{rel}","templated":true}]}}